{"id":614,"date":"2016-11-22T10:05:56","date_gmt":"2016-11-22T10:05:56","guid":{"rendered":"http:\/\/dev.designcafe.net\/industry\/?page_id=614"},"modified":"2019-12-27T16:21:07","modified_gmt":"2019-12-27T15:21:07","slug":"defense","status":"publish","type":"page","link":"https:\/\/www.basis-ep.com\/en\/applications\/defense\/","title":{"rendered":"Defense"},"content":{"rendered":"<p>[vc_row css=&#8221;.vc_custom_1479479612209{padding-top: 100px !important;padding-bottom: 50px !important;}&#8221;][vc_column width=&#8221;3\/4&#8243; el_class=&#8221;border-right&#8221;][vc_images_carousel images=&#8221;1485,1483,1671,1487,1489,1493&#8243; img_size=&#8221;full&#8221; speed=&#8221;4000&#8243; autoplay=&#8221;yes&#8221; wrap=&#8221;yes&#8221;][vc_column_text]<\/p>\n<h2>D\u00c9FENSE<\/h2>\n<p>La conception et fabrication de syst\u00e8me d&#8217;\u00e9lectronique de puissance de BASIS EP pour applications militaires s&#8217;applique notamment aux:<\/p>\n<p>&#8211; Transfo-redresseurs mobiles<\/p>\n<p>&#8211; Conversions de fr\u00e9quences 50\/60Hz fortes puissances<\/p>\n<p>&#8211; Convertisseurs pour radars, alimentations de klystrons ou tubes RF<\/p>\n<p>&#8211; Charges\/d\u00e9charges de batteries de sous-marin (thyristors ou d\u00e9coupage HF)<\/p>\n<p>&#8211; Shelterisations de convertisseurs pour infrastructures \u00e0 quai<\/p>\n<p>&#8211; Int\u00e9grations sp\u00e9cifiques pour syst\u00e8mes embarqu\u00e9s<\/p>\n<p>&#8211; Assistance \u00e0 la maitrise d\u2019ouvrage sur projets de conversion en environnement nucl\u00e9aire<\/p>\n<p>BASIS EP poss\u00e8de un savoir sp\u00e9cifique aux environnements nucl\u00e9aires, notamment pour la production de dossiers justificatifs relatifs aux \u00e9quipements de conversion de puissance ainsi que par la qualit\u00e9 et le suivi de proc\u00e9dures sp\u00e9cifiques mis en \u0153uvre pour la gestion des projets.<\/p>\n<p>[\/vc_column_text][\/vc_column][vc_column width=&#8221;1\/4&#8243;][vc_wp_custommenu title=&#8221;Autres applications&#8221; nav_menu=&#8221;43&#8243; el_class=&#8221;service-menu&#8221;][\/vc_column][\/vc_row][vc_row full_width=&#8221;stretch_row&#8221; el_class=&#8221;overlay&#8221; css=&#8221;.vc_custom_1479480518446{background-image: url(http:\/\/dev.designcafe.net\/industry\/wp-content\/uploads\/2016\/11\/slide-bg.jpg?id=69) !important;}&#8221;][vc_column]<div style=\"color:#ffffff\" class=\"industry-cta-box industry-cta-box-1\">\r\n            <h3 style=\"color:#ffffff\">Plus d&#039;informations ?<\/h3>\r\n            <div style=\"color:#ffffff\">\r\n                \r\n            <\/div>\r\n            <a href=\"https:\/\/www.basis-ep.com\/en\/contact\/\" class=\"industry-btn industry-cta-btn\">Contactez-nous<\/a>\r\n        <\/div>[\/vc_column][\/vc_row][vc_row][vc_column]\r\n        <div class=\"industry-section-title\"><h2>Projets<\/h2><\/div>[vc_masonry_grid post_type=&#8221;project&#8221; max_items=&#8221;10&#8243; grid_id=&#8221;vc_gid:1577459853136-d6075557d9719fedfb1984bb5cc42266-5&#8243; taxonomies=&#8221;63&#8243;][\/vc_column][\/vc_row][vc_row disable_element=&#8221;yes&#8221;][vc_column]\r\n        <div class=\"industry-section-title\"><h2>Actualit\u00e9s<\/h2><\/div>[vc_masonry_grid post_type=&#8221;post&#8221; max_items=&#8221;10&#8243; grid_id=&#8221;vc_gid:1577459853186-b30da7dce7f52c91ff475a071078a06a-7&#8243; taxonomies=&#8221;81&#8243;][\/vc_column][\/vc_row][vc_row disable_element=&#8221;yes&#8221;][vc_column]\r\n        <div class=\"industry-section-title\"><h2>T\u00e9moignages<\/h2><\/div>[vc_column_text][\/vc_column_text][\/vc_column][\/vc_row]<\/p>\n","protected":false},"excerpt":{"rendered":"<p>[vc_row css=&#8221;.vc_custom_1479479612209{padding-top: 100px !important;padding-bottom: 50px !important;}&#8221;][vc_column width=&#8221;3\/4&#8243; el_class=&#8221;border-right&#8221;][vc_images_carousel images=&#8221;1485,1483,1671,1487,1489,1493&#8243; img_size=&#8221;full&#8221; speed=&#8221;4000&#8243; autoplay=&#8221;yes&#8221; wrap=&#8221;yes&#8221;][vc_column_text] D\u00c9FENSE La conception et fabrication de syst\u00e8me d&#8217;\u00e9lectronique de puissance de BASIS EP pour applications militaires s&#8217;applique notamment aux: &#8211; Transfo-redresseurs mobiles &#8211; Conversions de fr\u00e9quences 50\/60Hz fortes puissances &#8211; Convertisseurs pour radars, alimentations de klystrons ou tubes RF &#8211; Charges\/d\u00e9charges de [&hellip;]<\/p>\n","protected":false},"author":2,"featured_media":745,"parent":12,"menu_order":0,"comment_status":"closed","ping_status":"closed","template":"","meta":{"jetpack_post_was_ever_published":false,"footnotes":""},"class_list":["post-614","page","type-page","status-publish","has-post-thumbnail","hentry"],"jetpack_sharing_enabled":true,"jetpack_shortlink":"https:\/\/wp.me\/Pbwnjd-9U","_links":{"self":[{"href":"https:\/\/www.basis-ep.com\/en\/wp-json\/wp\/v2\/pages\/614","targetHints":{"allow":["GET"]}}],"collection":[{"href":"https:\/\/www.basis-ep.com\/en\/wp-json\/wp\/v2\/pages"}],"about":[{"href":"https:\/\/www.basis-ep.com\/en\/wp-json\/wp\/v2\/types\/page"}],"author":[{"embeddable":true,"href":"https:\/\/www.basis-ep.com\/en\/wp-json\/wp\/v2\/users\/2"}],"replies":[{"embeddable":true,"href":"https:\/\/www.basis-ep.com\/en\/wp-json\/wp\/v2\/comments?post=614"}],"version-history":[{"count":34,"href":"https:\/\/www.basis-ep.com\/en\/wp-json\/wp\/v2\/pages\/614\/revisions"}],"predecessor-version":[{"id":1851,"href":"https:\/\/www.basis-ep.com\/en\/wp-json\/wp\/v2\/pages\/614\/revisions\/1851"}],"up":[{"embeddable":true,"href":"https:\/\/www.basis-ep.com\/en\/wp-json\/wp\/v2\/pages\/12"}],"wp:featuredmedia":[{"embeddable":true,"href":"https:\/\/www.basis-ep.com\/en\/wp-json\/wp\/v2\/media\/745"}],"wp:attachment":[{"href":"https:\/\/www.basis-ep.com\/en\/wp-json\/wp\/v2\/media?parent=614"}],"curies":[{"name":"wp","href":"https:\/\/api.w.org\/{rel}","templated":true}]}}